{"id":78,"date":"2024-04-04T10:51:05","date_gmt":"2024-04-04T08:51:05","guid":{"rendered":"http:\/\/soundersrent.com\/en\/?page_id=78"},"modified":"2024-04-13T00:43:55","modified_gmt":"2024-04-12T22:43:55","slug":"blog","status":"publish","type":"page","link":"http:\/\/soundersrent.com\/es\/blog\/","title":{"rendered":"Blog"},"content":{"rendered":"\n<div class=\"wp-block-group alignfull has-accent-4-background-color has-background is-vertical is-content-justification-center is-nowrap is-layout-flex wp-container-core-group-is-layout-2 wp-block-group-is-layout-flex\" style=\"min-height:100%;margin-top:0;margin-bottom:0;padding-top:var(--wp--preset--spacing--50);padding-right:var(--wp--preset--spacing--50);padding-bottom:var(--wp--preset--spacing--50);padding-left:var(--wp--preset--spacing--50)\">\n<div class=\"wp-block-columns alignwide are-vertically-aligned-center is-layout-flex wp-container-core-columns-is-layout-1 wp-block-columns-is-layout-flex\">\n<div class=\"wp-block-column is-vertically-aligned-center is-layout-flow wp-block-column-is-layout-flow\" style=\"flex-basis:40%\">\n<div class=\"wp-block-group is-layout-flow wp-container-core-group-is-layout-1 wp-block-group-is-layout-flow\" style=\"min-height:100%;margin-top:0;margin-bottom:0;padding-right:0;padding-left:0\">\n<h1 class=\"wp-block-heading has-text-align-right\" style=\"margin-right:0;margin-left:calc( var(--wp--preset--spacing--20) * -1);font-size:clamp(5.174rem, 5.174rem + ((1vw - 0.2rem) * 11.377), 12rem);line-height:1;writing-mode:vertical-rl\">Blog<\/h1>\n<\/div>\n<\/div>\n\n\n\n<div class=\"wp-block-column is-vertically-aligned-top is-layout-flow wp-block-column-is-layout-flow\" style=\"flex-basis:60%\">\n<figure class=\"wp-block-image size-full is-resized is-style-rounded\"><img decoding=\"async\" src=\"http:\/\/soundersrent.com\/en\/wp-content\/uploads\/2023\/04\/cadiz22-1.jpg\" alt=\"\" class=\"wp-image-10000058\" style=\"aspect-ratio:0.75;object-fit:cover;width:296px;height:auto\" srcset=\"http:\/\/soundersrent.com\/es\/wp-content\/uploads\/2023\/04\/cadiz22-1.jpg 1024w, http:\/\/soundersrent.com\/es\/wp-content\/uploads\/2023\/04\/cadiz22-1-300x225.jpg 300w, http:\/\/soundersrent.com\/es\/wp-content\/uploads\/2023\/04\/cadiz22-1-768x576.jpg 768w, http:\/\/soundersrent.com\/es\/wp-content\/uploads\/2023\/04\/cadiz22-1-533x400.jpg 533w\" sizes=\"(max-width: 1024px) 100vw, 1024px\" \/><\/figure>\n<\/div>\n<\/div>\n<\/div>\n\n\n\n<div class=\"wp-block-group alignwide has-global-padding is-layout-constrained wp-block-group-is-layout-constrained\" style=\"margin-top:0;margin-bottom:0;padding-top:var(--wp--preset--spacing--50);padding-right:var(--wp--preset--spacing--50);padding-bottom:var(--wp--preset--spacing--50);padding-left:var(--wp--preset--spacing--50)\">\n<h2 class=\"wp-block-heading alignwide has-x-large-font-size\" style=\"margin-top:0;margin-bottom:var(--wp--preset--spacing--40);line-height:1\">Mira, lee, escucha<\/h2>\n\n\n\n<div class=\"wp-block-query alignwide is-layout-flow wp-block-query-is-layout-flow\"><ul class=\"width: 100vw; wp-block-post-template has-medium-font-size is-layout-flow wp-container-core-post-template-is-layout-1 wp-block-post-template-is-layout-flow\"><li class=\"wp-block-post post-133 post type-post status-publish format-standard has-post-thumbnail hentry category-general\">\n<h2 class=\"wp-block-post-title has-large-font-size\"><a href=\"http:\/\/soundersrent.com\/es\/3-wise-man-parade\/\" target=\"_self\" >Desfile de los Reyes Magos<\/a><\/h2>\n\n\n<div class=\"wp-block-columns is-layout-flex wp-container-core-columns-is-layout-2 wp-block-columns-is-layout-flex\" style=\"padding-top:0;padding-right:0;padding-bottom:0;padding-left:0\">\n<div class=\"wp-block-column is-layout-flow wp-block-column-is-layout-flow\"><figure class=\"alignwide wp-block-post-featured-image\"><a href=\"http:\/\/soundersrent.com\/es\/3-wise-man-parade\/\" target=\"_self\"  ><img loading=\"lazy\" decoding=\"async\" width=\"2000\" height=\"1500\" src=\"http:\/\/soundersrent.com\/es\/wp-content\/uploads\/2024\/04\/wp-17122346060172561767734079000109.jpg\" class=\"attachment-post-thumbnail size-post-thumbnail\" alt=\"Desfile de los Reyes Magos\" style=\"object-fit:cover;\" srcset=\"http:\/\/soundersrent.com\/es\/wp-content\/uploads\/2024\/04\/wp-17122346060172561767734079000109.jpg 2000w, http:\/\/soundersrent.com\/es\/wp-content\/uploads\/2024\/04\/wp-17122346060172561767734079000109-300x225.jpg 300w, http:\/\/soundersrent.com\/es\/wp-content\/uploads\/2024\/04\/wp-17122346060172561767734079000109-1024x768.jpg 1024w, http:\/\/soundersrent.com\/es\/wp-content\/uploads\/2024\/04\/wp-17122346060172561767734079000109-768x576.jpg 768w, http:\/\/soundersrent.com\/es\/wp-content\/uploads\/2024\/04\/wp-17122346060172561767734079000109-1536x1152.jpg 1536w, http:\/\/soundersrent.com\/es\/wp-content\/uploads\/2024\/04\/wp-17122346060172561767734079000109-533x400.jpg 533w\" sizes=\"(max-width: 2000px) 100vw, 2000px\" \/><\/a><\/figure><\/div>\n\n\n\n<div class=\"wp-block-column is-layout-flow wp-block-column-is-layout-flow\"><div class=\"wp-block-post-excerpt\"><p class=\"wp-block-post-excerpt__excerpt\">Hemos ayudado a los Reyes Magos a preparar 4 carruajes para la noche m\u00e1s m\u00e1gica del a\u00f1o.Se arrojaron toneladas de dulces desde los ca\u00f1ones de las carameleras, se recogieron miles de cartas en la carroza de correos y se llevaron a cabo espect\u00e1culos m\u00e1gicos en la carroza \u00abSue\u00f1a\u00bb. Aunque el&hellip;<\/p><p class=\"wp-block-post-excerpt__more-text\"><a class=\"wp-block-post-excerpt__more-link\" href=\"http:\/\/soundersrent.com\/es\/3-wise-man-parade\/\"><em>Continuar leyendo<\/em><\/a><\/p><\/div>\n\n\n<div class=\"wp-block-group has-global-padding is-layout-constrained wp-block-group-is-layout-constrained\">\n<div class=\"wp-block-group is-content-justification-left is-layout-flex wp-container-core-group-is-layout-3 wp-block-group-is-layout-flex\"><div class=\"wp-block-post-date\"><time datetime=\"2024-04-05T02:24:23+02:00\"><a href=\"http:\/\/soundersrent.com\/es\/3-wise-man-parade\/\">5-04-2024<\/a><\/time><\/div>\n\n\n<p class=\"has-contrast-2-color has-text-color\">\u2014<\/p>\n\n\n\n<p class=\"has-contrast-2-color has-text-color has-small-font-size\">por<\/p>\n\n\n<div class=\"wp-block-post-author-name\"><a href=\"http:\/\/soundersrent.com\/es\/author\/soundersrent\/\" target=\"_self\" class=\"wp-block-post-author-name__link\">admin<\/a><\/div>\n\n<div class=\"taxonomy-category wp-block-post-terms\"><span class=\"wp-block-post-terms__prefix\">en <\/span><a href=\"http:\/\/soundersrent.com\/es\/category\/general\/\" rel=\"tag\">general<\/a><\/div><\/div>\n<\/div>\n<\/div>\n<\/div>\n\n\n\n<hr class=\"wp-block-separator has-alpha-channel-opacity\"\/>\n\n\n\n<div style=\"height:23px\" aria-hidden=\"true\" class=\"wp-block-spacer\"><\/div>\n\n<\/li><li class=\"wp-block-post post-24 post type-post status-publish format-standard has-post-thumbnail hentry category-general\">\n<h2 class=\"wp-block-post-title has-large-font-size\"><a href=\"http:\/\/soundersrent.com\/es\/welcome-to-the-new-webpage\/\" target=\"_self\" >Bienvenidos a la nueva p\u00e1gina web<\/a><\/h2>\n\n\n<div class=\"wp-block-columns is-layout-flex wp-container-core-columns-is-layout-3 wp-block-columns-is-layout-flex\" style=\"padding-top:0;padding-right:0;padding-bottom:0;padding-left:0\">\n<div class=\"wp-block-column is-layout-flow wp-block-column-is-layout-flow\"><figure class=\"alignwide wp-block-post-featured-image\"><a href=\"http:\/\/soundersrent.com\/es\/welcome-to-the-new-webpage\/\" target=\"_self\"  ><img loading=\"lazy\" decoding=\"async\" width=\"803\" height=\"273\" src=\"http:\/\/soundersrent.com\/es\/wp-content\/uploads\/2023\/04\/sounders-rent-transparent-positiu.png\" class=\"attachment-post-thumbnail size-post-thumbnail\" alt=\"Bienvenidos a la nueva p\u00e1gina web\" style=\"object-fit:cover;\" srcset=\"http:\/\/soundersrent.com\/es\/wp-content\/uploads\/2023\/04\/sounders-rent-transparent-positiu.png 803w, http:\/\/soundersrent.com\/es\/wp-content\/uploads\/2023\/04\/sounders-rent-transparent-positiu-300x102.png 300w, http:\/\/soundersrent.com\/es\/wp-content\/uploads\/2023\/04\/sounders-rent-transparent-positiu-768x261.png 768w\" sizes=\"(max-width: 803px) 100vw, 803px\" \/><\/a><\/figure><\/div>\n\n\n\n<div class=\"wp-block-column is-layout-flow wp-block-column-is-layout-flow\"><div class=\"wp-block-post-excerpt\"><p class=\"wp-block-post-excerpt__excerpt\">Estamos muy contentos de presentaros la nueva web de Sounders Rent. S\u00edguenos mientras entramos juntos a la nueva era digital. La nueva p\u00e1gina web es el primer paso, estamos preparando funciones nuevas y existentes que lanzaremos en la segunda mitad de este a\u00f1o.<\/p><p class=\"wp-block-post-excerpt__more-text\"><a class=\"wp-block-post-excerpt__more-link\" href=\"http:\/\/soundersrent.com\/es\/welcome-to-the-new-webpage\/\"><em>Continuar leyendo<\/em><\/a><\/p><\/div>\n\n\n<div class=\"wp-block-group has-global-padding is-layout-constrained wp-block-group-is-layout-constrained\">\n<div class=\"wp-block-group is-content-justification-left is-layout-flex wp-container-core-group-is-layout-5 wp-block-group-is-layout-flex\"><div class=\"wp-block-post-date\"><time datetime=\"2024-04-03T15:00:23+02:00\"><a href=\"http:\/\/soundersrent.com\/es\/welcome-to-the-new-webpage\/\">3-04-2024<\/a><\/time><\/div>\n\n\n<p class=\"has-contrast-2-color has-text-color\">\u2014<\/p>\n\n\n\n<p class=\"has-contrast-2-color has-text-color has-small-font-size\">por<\/p>\n\n\n<div class=\"wp-block-post-author-name\"><a href=\"http:\/\/soundersrent.com\/es\/author\/soundersrent\/\" target=\"_self\" class=\"wp-block-post-author-name__link\">admin<\/a><\/div>\n\n<div class=\"taxonomy-category wp-block-post-terms\"><span class=\"wp-block-post-terms__prefix\">en <\/span><a href=\"http:\/\/soundersrent.com\/es\/category\/general\/\" rel=\"tag\">general<\/a><\/div><\/div>\n<\/div>\n<\/div>\n<\/div>\n\n\n\n<hr class=\"wp-block-separator has-alpha-channel-opacity\"\/>\n\n\n\n<div style=\"height:23px\" aria-hidden=\"true\" class=\"wp-block-spacer\"><\/div>\n\n<\/li><\/ul>\n\n\n\n<\/div>\n<\/div>\n\n\n\n<hr class=\"wp-block-separator alignwide has-text-color has-contrast-color has-alpha-channel-opacity has-contrast-background-color has-background is-style-default\"\/>\n","protected":false},"excerpt":{"rendered":"<p>Blog Mira, lee, escucha<\/p>\n","protected":false},"author":1,"featured_media":0,"parent":0,"menu_order":0,"comment_status":"closed","ping_status":"closed","template":"page-no-title","meta":{"footnotes":""},"yoast_head":"<!-- This site is optimized with the Yoast SEO plugin v23.0 - https:\/\/yoast.com\/wordpress\/plugins\/seo\/ -->\n<title>Blog - Sounder&#039;s Rent | es<\/title>\n<meta name=\"robots\" content=\"index, follow, max-snippet:-1, max-image-preview:large, max-video-preview:-1\" \/>\n<link rel=\"canonical\" href=\"http:\/\/soundersrent.com\/es\/blog\/\" \/>\n<meta property=\"og:locale\" content=\"es_ES\" \/>\n<meta property=\"og:type\" content=\"article\" \/>\n<meta property=\"og:title\" content=\"Blog - Sounder&#039;s Rent | es\" \/>\n<meta property=\"og:description\" content=\"Blog Mira, lee, escucha\" \/>\n<meta property=\"og:url\" content=\"http:\/\/soundersrent.com\/es\/blog\/\" \/>\n<meta property=\"og:site_name\" content=\"Sounder&#039;s Rent | es\" \/>\n<meta property=\"article:modified_time\" content=\"2024-04-12T22:43:55+00:00\" \/>\n<meta property=\"og:image\" content=\"http:\/\/soundersrent.com\/en\/wp-content\/uploads\/2023\/04\/cadiz22-1.jpg\" \/>\n<meta name=\"twitter:card\" content=\"summary_large_image\" \/>\n<script type=\"application\/ld+json\" class=\"yoast-schema-graph\">{\"@context\":\"https:\/\/schema.org\",\"@graph\":[{\"@type\":\"WebPage\",\"@id\":\"http:\/\/soundersrent.com\/es\/blog\/\",\"url\":\"http:\/\/soundersrent.com\/es\/blog\/\",\"name\":\"Blog - Sounder&#039;s Rent | es\",\"isPartOf\":{\"@id\":\"http:\/\/soundersrent.com\/es\/#website\"},\"primaryImageOfPage\":{\"@id\":\"http:\/\/soundersrent.com\/es\/blog\/#primaryimage\"},\"image\":{\"@id\":\"http:\/\/soundersrent.com\/es\/blog\/#primaryimage\"},\"thumbnailUrl\":\"http:\/\/soundersrent.com\/en\/wp-content\/uploads\/2023\/04\/cadiz22-1.jpg\",\"datePublished\":\"2024-04-04T08:51:05+00:00\",\"dateModified\":\"2024-04-12T22:43:55+00:00\",\"breadcrumb\":{\"@id\":\"http:\/\/soundersrent.com\/es\/blog\/#breadcrumb\"},\"inLanguage\":\"es\",\"potentialAction\":[{\"@type\":\"ReadAction\",\"target\":[\"http:\/\/soundersrent.com\/es\/blog\/\"]}]},{\"@type\":\"ImageObject\",\"inLanguage\":\"es\",\"@id\":\"http:\/\/soundersrent.com\/es\/blog\/#primaryimage\",\"url\":\"http:\/\/soundersrent.com\/en\/wp-content\/uploads\/2023\/04\/cadiz22-1.jpg\",\"contentUrl\":\"http:\/\/soundersrent.com\/en\/wp-content\/uploads\/2023\/04\/cadiz22-1.jpg\"},{\"@type\":\"BreadcrumbList\",\"@id\":\"http:\/\/soundersrent.com\/es\/blog\/#breadcrumb\",\"itemListElement\":[{\"@type\":\"ListItem\",\"position\":1,\"name\":\"Inici\",\"item\":\"http:\/\/soundersrent.com\/es\/\"},{\"@type\":\"ListItem\",\"position\":2,\"name\":\"Blog\"}]},{\"@type\":\"WebSite\",\"@id\":\"http:\/\/soundersrent.com\/es\/#website\",\"url\":\"http:\/\/soundersrent.com\/es\/\",\"name\":\"Sounder&#039;s Rent | es\",\"description\":\"\",\"publisher\":{\"@id\":\"http:\/\/soundersrent.com\/es\/#organization\"},\"potentialAction\":[{\"@type\":\"SearchAction\",\"target\":{\"@type\":\"EntryPoint\",\"urlTemplate\":\"http:\/\/soundersrent.com\/es\/?s={search_term_string}\"},\"query-input\":\"required name=search_term_string\"}],\"inLanguage\":\"es\"},{\"@type\":\"Organization\",\"@id\":\"http:\/\/soundersrent.com\/es\/#organization\",\"name\":\"Sounder&#039;s Rent | es\",\"url\":\"http:\/\/soundersrent.com\/es\/\",\"logo\":{\"@type\":\"ImageObject\",\"inLanguage\":\"es\",\"@id\":\"http:\/\/soundersrent.com\/es\/#\/schema\/logo\/image\/\",\"url\":\"http:\/\/soundersrent.com\/es\/wp-content\/uploads\/sites\/2\/2024\/04\/sounders-rent-transparent-positiu.png\",\"contentUrl\":\"http:\/\/soundersrent.com\/es\/wp-content\/uploads\/sites\/2\/2024\/04\/sounders-rent-transparent-positiu.png\",\"width\":803,\"height\":273,\"caption\":\"Sounder&#039;s Rent | es\"},\"image\":{\"@id\":\"http:\/\/soundersrent.com\/es\/#\/schema\/logo\/image\/\"}}]}<\/script>\n<!-- \/ Yoast SEO plugin. -->","yoast_head_json":{"title":"Blog - Sounder&#039;s Rent | es","robots":{"index":"index","follow":"follow","max-snippet":"max-snippet:-1","max-image-preview":"max-image-preview:large","max-video-preview":"max-video-preview:-1"},"canonical":"http:\/\/soundersrent.com\/es\/blog\/","og_locale":"es_ES","og_type":"article","og_title":"Blog - Sounder&#039;s Rent | es","og_description":"Blog Mira, lee, escucha","og_url":"http:\/\/soundersrent.com\/es\/blog\/","og_site_name":"Sounder&#039;s Rent | es","article_modified_time":"2024-04-12T22:43:55+00:00","og_image":[{"url":"http:\/\/soundersrent.com\/en\/wp-content\/uploads\/2023\/04\/cadiz22-1.jpg"}],"twitter_card":"summary_large_image","schema":{"@context":"https:\/\/schema.org","@graph":[{"@type":"WebPage","@id":"http:\/\/soundersrent.com\/es\/blog\/","url":"http:\/\/soundersrent.com\/es\/blog\/","name":"Blog - Sounder&#039;s Rent | es","isPartOf":{"@id":"http:\/\/soundersrent.com\/es\/#website"},"primaryImageOfPage":{"@id":"http:\/\/soundersrent.com\/es\/blog\/#primaryimage"},"image":{"@id":"http:\/\/soundersrent.com\/es\/blog\/#primaryimage"},"thumbnailUrl":"http:\/\/soundersrent.com\/en\/wp-content\/uploads\/2023\/04\/cadiz22-1.jpg","datePublished":"2024-04-04T08:51:05+00:00","dateModified":"2024-04-12T22:43:55+00:00","breadcrumb":{"@id":"http:\/\/soundersrent.com\/es\/blog\/#breadcrumb"},"inLanguage":"es","potentialAction":[{"@type":"ReadAction","target":["http:\/\/soundersrent.com\/es\/blog\/"]}]},{"@type":"ImageObject","inLanguage":"es","@id":"http:\/\/soundersrent.com\/es\/blog\/#primaryimage","url":"http:\/\/soundersrent.com\/en\/wp-content\/uploads\/2023\/04\/cadiz22-1.jpg","contentUrl":"http:\/\/soundersrent.com\/en\/wp-content\/uploads\/2023\/04\/cadiz22-1.jpg"},{"@type":"BreadcrumbList","@id":"http:\/\/soundersrent.com\/es\/blog\/#breadcrumb","itemListElement":[{"@type":"ListItem","position":1,"name":"Inici","item":"http:\/\/soundersrent.com\/es\/"},{"@type":"ListItem","position":2,"name":"Blog"}]},{"@type":"WebSite","@id":"http:\/\/soundersrent.com\/es\/#website","url":"http:\/\/soundersrent.com\/es\/","name":"Sounder&#039;s Rent | es","description":"","publisher":{"@id":"http:\/\/soundersrent.com\/es\/#organization"},"potentialAction":[{"@type":"SearchAction","target":{"@type":"EntryPoint","urlTemplate":"http:\/\/soundersrent.com\/es\/?s={search_term_string}"},"query-input":"required name=search_term_string"}],"inLanguage":"es"},{"@type":"Organization","@id":"http:\/\/soundersrent.com\/es\/#organization","name":"Sounder&#039;s Rent | es","url":"http:\/\/soundersrent.com\/es\/","logo":{"@type":"ImageObject","inLanguage":"es","@id":"http:\/\/soundersrent.com\/es\/#\/schema\/logo\/image\/","url":"http:\/\/soundersrent.com\/es\/wp-content\/uploads\/sites\/2\/2024\/04\/sounders-rent-transparent-positiu.png","contentUrl":"http:\/\/soundersrent.com\/es\/wp-content\/uploads\/sites\/2\/2024\/04\/sounders-rent-transparent-positiu.png","width":803,"height":273,"caption":"Sounder&#039;s Rent | es"},"image":{"@id":"http:\/\/soundersrent.com\/es\/#\/schema\/logo\/image\/"}}]}},"_links":{"self":[{"href":"http:\/\/soundersrent.com\/es\/wp-json\/wp\/v2\/pages\/78"}],"collection":[{"href":"http:\/\/soundersrent.com\/es\/wp-json\/wp\/v2\/pages"}],"about":[{"href":"http:\/\/soundersrent.com\/es\/wp-json\/wp\/v2\/types\/page"}],"author":[{"embeddable":true,"href":"http:\/\/soundersrent.com\/es\/wp-json\/wp\/v2\/users\/1"}],"replies":[{"embeddable":true,"href":"http:\/\/soundersrent.com\/es\/wp-json\/wp\/v2\/comments?post=78"}],"version-history":[{"count":3,"href":"http:\/\/soundersrent.com\/es\/wp-json\/wp\/v2\/pages\/78\/revisions"}],"predecessor-version":[{"id":173,"href":"http:\/\/soundersrent.com\/es\/wp-json\/wp\/v2\/pages\/78\/revisions\/173"}],"wp:attachment":[{"href":"http:\/\/soundersrent.com\/es\/wp-json\/wp\/v2\/media?parent=78"}],"curies":[{"name":"wp","href":"https:\/\/api.w.org\/{rel}","templated":true}]}}