{"id":132,"date":"2024-04-04T11:35:10","date_gmt":"2024-04-04T09:35:10","guid":{"rendered":"http:\/\/soundersrent.com\/en\/?page_id=104"},"modified":"2024-04-13T00:41:42","modified_gmt":"2024-04-12T22:41:42","slug":"legal","status":"publish","type":"page","link":"http:\/\/soundersrent.com\/es\/legal\/","title":{"rendered":"Legal"},"content":{"rendered":"\n<div class=\"wp-block-group alignfull has-global-padding is-layout-constrained wp-block-group-is-layout-constrained\" style=\"margin-top:0;margin-bottom:0;padding-top:var(--wp--preset--spacing--50);padding-right:var(--wp--preset--spacing--50);padding-bottom:var(--wp--preset--spacing--50);padding-left:var(--wp--preset--spacing--50)\">\n<div class=\"wp-block-group alignwide has-global-padding is-layout-constrained wp-container-core-group-is-layout-1 wp-block-group-is-layout-constrained\">\n<h2 class=\"wp-block-heading has-text-align-center is-style-default\">Recopilaci\u00f3n de datos<\/h2>\n\n\n\n<p>De acuerdo con lo dispuesto en el Reglamento General de Protecci\u00f3n de Datos (UE) 2016\/679 del Parlamento Europeo y del Consejo de 27 de abril de 2016, le informamos que sus datos ser\u00e1n tratados con la finalidad de realizar la gesti\u00f3n ofrecida por SOUNDERSRENT, S.L.U.<br>Asimismo, le informamos de la posibilidad de ejercer sus derechos de acceso, rectificaci\u00f3n, oposici\u00f3n, supresi\u00f3n, limitaci\u00f3n y portabilidad de sus datos ante SOUNDERSRENT, S.L.U:<br>Delegado de Protecci\u00f3n de Datos: <a href=\"mailto:dpd@grupoqualia.net\">dpd@grupoqualia.net<\/a><br>Pol.Ind Torrella S\/N Camarasa 25613 (Lleida), <a href=\"mailto:admin@soundersrent.com\">admin@soundersrent.com<\/a><\/p>\n<\/div>\n<\/div>\n","protected":false},"excerpt":{"rendered":"<p>Recopilaci\u00f3n de datos De acuerdo con lo dispuesto en el Reglamento General de Protecci\u00f3n de Datos (UE) 2016\/679 del Parlamento Europeo y del Consejo de 27 de abril de 2016, le informamos que sus datos ser\u00e1n tratados con la finalidad de realizar la gesti\u00f3n ofrecida por SOUNDERSRENT, S.L.U.Asimismo, le informamos de la posibilidad de ejercer [&hellip;]<\/p>\n","protected":false},"author":1,"featured_media":0,"parent":0,"menu_order":0,"comment_status":"closed","ping_status":"closed","template":"page-no-title","meta":{"footnotes":""},"yoast_head":"<!-- This site is optimized with the Yoast SEO plugin v23.0 - https:\/\/yoast.com\/wordpress\/plugins\/seo\/ -->\n<title>Legal - Sounder&#039;s Rent | es<\/title>\n<meta name=\"robots\" content=\"index, follow, max-snippet:-1, max-image-preview:large, max-video-preview:-1\" \/>\n<link rel=\"canonical\" href=\"http:\/\/soundersrent.com\/es\/legal\/\" \/>\n<meta property=\"og:locale\" content=\"es_ES\" \/>\n<meta property=\"og:type\" content=\"article\" \/>\n<meta property=\"og:title\" content=\"Legal - Sounder&#039;s Rent | es\" \/>\n<meta property=\"og:description\" content=\"Recopilaci\u00f3n de datos De acuerdo con lo dispuesto en el Reglamento General de Protecci\u00f3n de Datos (UE) 2016\/679 del Parlamento Europeo y del Consejo de 27 de abril de 2016, le informamos que sus datos ser\u00e1n tratados con la finalidad de realizar la gesti\u00f3n ofrecida por SOUNDERSRENT, S.L.U.Asimismo, le informamos de la posibilidad de ejercer [&hellip;]\" \/>\n<meta property=\"og:url\" content=\"http:\/\/soundersrent.com\/es\/legal\/\" \/>\n<meta property=\"og:site_name\" content=\"Sounder&#039;s Rent | es\" \/>\n<meta property=\"article:modified_time\" content=\"2024-04-12T22:41:42+00:00\" \/>\n<meta name=\"twitter:card\" content=\"summary_large_image\" \/>\n<script type=\"application\/ld+json\" class=\"yoast-schema-graph\">{\"@context\":\"https:\/\/schema.org\",\"@graph\":[{\"@type\":\"WebPage\",\"@id\":\"http:\/\/soundersrent.com\/es\/legal\/\",\"url\":\"http:\/\/soundersrent.com\/es\/legal\/\",\"name\":\"Legal - Sounder&#039;s Rent | es\",\"isPartOf\":{\"@id\":\"http:\/\/soundersrent.com\/es\/#website\"},\"datePublished\":\"2024-04-04T09:35:10+00:00\",\"dateModified\":\"2024-04-12T22:41:42+00:00\",\"breadcrumb\":{\"@id\":\"http:\/\/soundersrent.com\/es\/legal\/#breadcrumb\"},\"inLanguage\":\"es\",\"potentialAction\":[{\"@type\":\"ReadAction\",\"target\":[\"http:\/\/soundersrent.com\/es\/legal\/\"]}]},{\"@type\":\"BreadcrumbList\",\"@id\":\"http:\/\/soundersrent.com\/es\/legal\/#breadcrumb\",\"itemListElement\":[{\"@type\":\"ListItem\",\"position\":1,\"name\":\"Inici\",\"item\":\"http:\/\/soundersrent.com\/es\/\"},{\"@type\":\"ListItem\",\"position\":2,\"name\":\"Legal\"}]},{\"@type\":\"WebSite\",\"@id\":\"http:\/\/soundersrent.com\/es\/#website\",\"url\":\"http:\/\/soundersrent.com\/es\/\",\"name\":\"Sounder&#039;s Rent | es\",\"description\":\"\",\"publisher\":{\"@id\":\"http:\/\/soundersrent.com\/es\/#organization\"},\"potentialAction\":[{\"@type\":\"SearchAction\",\"target\":{\"@type\":\"EntryPoint\",\"urlTemplate\":\"http:\/\/soundersrent.com\/es\/?s={search_term_string}\"},\"query-input\":\"required name=search_term_string\"}],\"inLanguage\":\"es\"},{\"@type\":\"Organization\",\"@id\":\"http:\/\/soundersrent.com\/es\/#organization\",\"name\":\"Sounder&#039;s Rent | es\",\"url\":\"http:\/\/soundersrent.com\/es\/\",\"logo\":{\"@type\":\"ImageObject\",\"inLanguage\":\"es\",\"@id\":\"http:\/\/soundersrent.com\/es\/#\/schema\/logo\/image\/\",\"url\":\"http:\/\/soundersrent.com\/es\/wp-content\/uploads\/sites\/2\/2024\/04\/sounders-rent-transparent-positiu.png\",\"contentUrl\":\"http:\/\/soundersrent.com\/es\/wp-content\/uploads\/sites\/2\/2024\/04\/sounders-rent-transparent-positiu.png\",\"width\":803,\"height\":273,\"caption\":\"Sounder&#039;s Rent | es\"},\"image\":{\"@id\":\"http:\/\/soundersrent.com\/es\/#\/schema\/logo\/image\/\"}}]}<\/script>\n<!-- \/ Yoast SEO plugin. -->","yoast_head_json":{"title":"Legal - Sounder&#039;s Rent | es","robots":{"index":"index","follow":"follow","max-snippet":"max-snippet:-1","max-image-preview":"max-image-preview:large","max-video-preview":"max-video-preview:-1"},"canonical":"http:\/\/soundersrent.com\/es\/legal\/","og_locale":"es_ES","og_type":"article","og_title":"Legal - Sounder&#039;s Rent | es","og_description":"Recopilaci\u00f3n de datos De acuerdo con lo dispuesto en el Reglamento General de Protecci\u00f3n de Datos (UE) 2016\/679 del Parlamento Europeo y del Consejo de 27 de abril de 2016, le informamos que sus datos ser\u00e1n tratados con la finalidad de realizar la gesti\u00f3n ofrecida por SOUNDERSRENT, S.L.U.Asimismo, le informamos de la posibilidad de ejercer [&hellip;]","og_url":"http:\/\/soundersrent.com\/es\/legal\/","og_site_name":"Sounder&#039;s Rent | es","article_modified_time":"2024-04-12T22:41:42+00:00","twitter_card":"summary_large_image","schema":{"@context":"https:\/\/schema.org","@graph":[{"@type":"WebPage","@id":"http:\/\/soundersrent.com\/es\/legal\/","url":"http:\/\/soundersrent.com\/es\/legal\/","name":"Legal - Sounder&#039;s Rent | es","isPartOf":{"@id":"http:\/\/soundersrent.com\/es\/#website"},"datePublished":"2024-04-04T09:35:10+00:00","dateModified":"2024-04-12T22:41:42+00:00","breadcrumb":{"@id":"http:\/\/soundersrent.com\/es\/legal\/#breadcrumb"},"inLanguage":"es","potentialAction":[{"@type":"ReadAction","target":["http:\/\/soundersrent.com\/es\/legal\/"]}]},{"@type":"BreadcrumbList","@id":"http:\/\/soundersrent.com\/es\/legal\/#breadcrumb","itemListElement":[{"@type":"ListItem","position":1,"name":"Inici","item":"http:\/\/soundersrent.com\/es\/"},{"@type":"ListItem","position":2,"name":"Legal"}]},{"@type":"WebSite","@id":"http:\/\/soundersrent.com\/es\/#website","url":"http:\/\/soundersrent.com\/es\/","name":"Sounder&#039;s Rent | es","description":"","publisher":{"@id":"http:\/\/soundersrent.com\/es\/#organization"},"potentialAction":[{"@type":"SearchAction","target":{"@type":"EntryPoint","urlTemplate":"http:\/\/soundersrent.com\/es\/?s={search_term_string}"},"query-input":"required name=search_term_string"}],"inLanguage":"es"},{"@type":"Organization","@id":"http:\/\/soundersrent.com\/es\/#organization","name":"Sounder&#039;s Rent | es","url":"http:\/\/soundersrent.com\/es\/","logo":{"@type":"ImageObject","inLanguage":"es","@id":"http:\/\/soundersrent.com\/es\/#\/schema\/logo\/image\/","url":"http:\/\/soundersrent.com\/es\/wp-content\/uploads\/sites\/2\/2024\/04\/sounders-rent-transparent-positiu.png","contentUrl":"http:\/\/soundersrent.com\/es\/wp-content\/uploads\/sites\/2\/2024\/04\/sounders-rent-transparent-positiu.png","width":803,"height":273,"caption":"Sounder&#039;s Rent | es"},"image":{"@id":"http:\/\/soundersrent.com\/es\/#\/schema\/logo\/image\/"}}]}},"_links":{"self":[{"href":"http:\/\/soundersrent.com\/es\/wp-json\/wp\/v2\/pages\/132"}],"collection":[{"href":"http:\/\/soundersrent.com\/es\/wp-json\/wp\/v2\/pages"}],"about":[{"href":"http:\/\/soundersrent.com\/es\/wp-json\/wp\/v2\/types\/page"}],"author":[{"embeddable":true,"href":"http:\/\/soundersrent.com\/es\/wp-json\/wp\/v2\/users\/1"}],"replies":[{"embeddable":true,"href":"http:\/\/soundersrent.com\/es\/wp-json\/wp\/v2\/comments?post=132"}],"version-history":[{"count":2,"href":"http:\/\/soundersrent.com\/es\/wp-json\/wp\/v2\/pages\/132\/revisions"}],"predecessor-version":[{"id":170,"href":"http:\/\/soundersrent.com\/es\/wp-json\/wp\/v2\/pages\/132\/revisions\/170"}],"wp:attachment":[{"href":"http:\/\/soundersrent.com\/es\/wp-json\/wp\/v2\/media?parent=132"}],"curies":[{"name":"wp","href":"https:\/\/api.w.org\/{rel}","templated":true}]}}